{"id":19441,"date":"2020-06-10T20:24:02","date_gmt":"2020-06-10T19:24:02","guid":{"rendered":"https:\/\/test.elbe-schrammstein-lauf.de\/?page_id=19441"},"modified":"2020-06-10T20:24:02","modified_gmt":"2020-06-10T19:24:02","slug":"fotorechte","status":"publish","type":"page","link":"https:\/\/seenland100.de\/index.php\/fotorechte\/","title":{"rendered":"Fotorechte"},"content":{"rendered":"<p>[vc_row][vc_column width=&#8220;1\/1&#8243;][vc_column_text]<\/p>\n<h2>FOTORECHTE<\/h2>\n<p><strong>Wichtiger Hinweis zu Foto, Film oder Videoaufnahmen \/ Fotorechten bei Besuch und Teilnahme an unseren Veranstaltungen<\/strong><\/p>\n<p>Die Aufnahmen und \/ oder Weiterleitung mit Foto-, Film oder Videokameras bzw. mit anderen Ger\u00e4ten sind unzul\u00e4ssig, soweit diese \u00fcber den privaten Bereich hinaus an Dritte oder in den Medien oder im Internet ver\u00f6ffentlicht werden. Zul\u00e4ssig ist eine derartige Verbreitung nur, wenn zuvor eine schriftliche Zustimmung des Veranstalters beantragt und bewilligt wurde. Bei Zuwiderhandlungen wird unbeschadet weiterer Anspr\u00fcche eine Vertragsstrafe f\u00e4llig, deren H\u00f6he nach billigem Ermessen vom Veranstalter festzusetzen ist, h\u00f6chstens jedoch je Versto\u00df 3.000,00 EUR.<\/p>\n<p>Der Teilnehmer erkl\u00e4rt sich des Weiteren damit einverstanden, dass die im Zusammenhang mit der Veranstaltung gemachten Fotos, Filmaufnahmen, Interviews im Rundfunk, Werbung, Fernsehen, B\u00fcchern, Zeitungen, sonstige Printmedien, oder fotomechanischen Vervielf\u00e4ltigungen, ohne einen Verg\u00fctungsanspruch des Teilnehmers, verbreitet und ver\u00f6ffentlicht werden k\u00f6nnen.[\/vc_column_text][\/vc_column][\/vc_row]<\/p>\n","protected":false},"excerpt":{"rendered":"<p>[vc_row][vc_column width=&#8220;1\/1&#8243;][vc_column_text] FOTORECHTE Wichtiger Hinweis zu Foto, Film oder Videoaufnahmen \/ Fotorechten bei Besuch und Teilnahme an unseren Veranstaltungen Die Aufnahmen und \/ oder Weiterleitung mit Foto-, Film oder Videokameras bzw. mit anderen Ger\u00e4ten sind unzul\u00e4ssig, soweit diese \u00fcber den privaten Bereich hinaus an Dritte oder in den Medien oder im Internet ver\u00f6ffentlicht werden. Zul\u00e4ssig ist eine derartige Verbreitung nur, wenn zuvor eine schriftliche Zustimmung des Veranstalters beantragt und bewilligt wurde. Bei Zuwiderhandlungen wird unbeschadet weiterer Anspr\u00fcche eine Vertragsstrafe f\u00e4llig, deren H\u00f6he nach billigem Ermessen vom Veranstalter festzusetzen ist, h\u00f6chstens jedoch je Versto\u00df 3.000,00 EUR. Der Teilnehmer erkl\u00e4rt sich des Weiteren damit einverstanden, dass die im Zusammenhang mit der Veranstaltung gemachten Fotos, Filmaufnahmen, Interviews im Rundfunk, Werbung, Fernsehen, B\u00fcchern, Zeitungen, sonstige Printmedien, oder fotomechanischen Vervielf\u00e4ltigungen, ohne einen Verg\u00fctungsanspruch des Teilnehmers, verbreitet und ver\u00f6ffentlicht werden k\u00f6nnen.[\/vc_column_text][\/vc_column][\/vc_row]<\/p>\n","protected":false},"author":1,"featured_media":0,"parent":0,"menu_order":0,"comment_status":"open","ping_status":"closed","template":"","meta":{"footnotes":""},"class_list":["post-19441","page","type-page","status-publish","hentry"],"yoast_head":"<!-- This site is optimized with the Yoast SEO plugin v23.4 - https:\/\/yoast.com\/wordpress\/plugins\/seo\/ -->\n<title>Fotorechte - Seenland 100<\/title>\n<meta name=\"robots\" content=\"index, follow, max-snippet:-1, max-image-preview:large, max-video-preview:-1\" \/>\n<link rel=\"canonical\" href=\"https:\/\/seenland100.de\/index.php\/fotorechte\/\" \/>\n<meta property=\"og:locale\" content=\"de_DE\" \/>\n<meta property=\"og:type\" content=\"article\" \/>\n<meta property=\"og:title\" content=\"Fotorechte - Seenland 100\" \/>\n<meta property=\"og:description\" content=\"[vc_row][vc_column width=&#8220;1\/1&#8243;][vc_column_text] FOTORECHTE Wichtiger Hinweis zu Foto, Film oder Videoaufnahmen \/ Fotorechten bei Besuch und Teilnahme an unseren Veranstaltungen Die Aufnahmen und \/ oder Weiterleitung mit Foto-, Film oder Videokameras bzw. mit anderen Ger\u00e4ten sind unzul\u00e4ssig, soweit diese \u00fcber den privaten Bereich hinaus an Dritte oder in den Medien oder im Internet ver\u00f6ffentlicht werden. Zul\u00e4ssig ist eine derartige Verbreitung nur, wenn zuvor eine schriftliche Zustimmung des Veranstalters beantragt und bewilligt wurde. Bei Zuwiderhandlungen wird unbeschadet weiterer Anspr\u00fcche eine Vertragsstrafe f\u00e4llig, deren H\u00f6he nach billigem Ermessen vom Veranstalter festzusetzen ist, h\u00f6chstens jedoch je Versto\u00df 3.000,00 EUR. Der Teilnehmer erkl\u00e4rt sich des Weiteren damit einverstanden, dass die im Zusammenhang mit der Veranstaltung gemachten Fotos, Filmaufnahmen, Interviews im Rundfunk, Werbung, Fernsehen, B\u00fcchern, Zeitungen, sonstige Printmedien, oder fotomechanischen Vervielf\u00e4ltigungen, ohne einen Verg\u00fctungsanspruch des Teilnehmers, verbreitet und ver\u00f6ffentlicht werden k\u00f6nnen.[\/vc_column_text][\/vc_column][\/vc_row]\" \/>\n<meta property=\"og:url\" content=\"https:\/\/seenland100.de\/index.php\/fotorechte\/\" \/>\n<meta property=\"og:site_name\" content=\"Seenland 100\" \/>\n<meta name=\"twitter:card\" content=\"summary_large_image\" \/>\n<meta name=\"twitter:label1\" content=\"Gesch\u00e4tzte Lesezeit\" \/>\n\t<meta name=\"twitter:data1\" content=\"1\u00a0Minute\" \/>\n<script type=\"application\/ld+json\" class=\"yoast-schema-graph\">{\"@context\":\"https:\/\/schema.org\",\"@graph\":[{\"@type\":\"WebPage\",\"@id\":\"https:\/\/seenland100.de\/index.php\/fotorechte\/\",\"url\":\"https:\/\/seenland100.de\/index.php\/fotorechte\/\",\"name\":\"Fotorechte - Seenland 100\",\"isPartOf\":{\"@id\":\"https:\/\/seenland100.de\/#website\"},\"datePublished\":\"2020-06-10T19:24:02+00:00\",\"dateModified\":\"2020-06-10T19:24:02+00:00\",\"breadcrumb\":{\"@id\":\"https:\/\/seenland100.de\/index.php\/fotorechte\/#breadcrumb\"},\"inLanguage\":\"de\",\"potentialAction\":[{\"@type\":\"ReadAction\",\"target\":[\"https:\/\/seenland100.de\/index.php\/fotorechte\/\"]}]},{\"@type\":\"BreadcrumbList\",\"@id\":\"https:\/\/seenland100.de\/index.php\/fotorechte\/#breadcrumb\",\"itemListElement\":[{\"@type\":\"ListItem\",\"position\":1,\"name\":\"Startseite\",\"item\":\"https:\/\/seenland100.de\/\"},{\"@type\":\"ListItem\",\"position\":2,\"name\":\"Fotorechte\"}]},{\"@type\":\"WebSite\",\"@id\":\"https:\/\/seenland100.de\/#website\",\"url\":\"https:\/\/seenland100.de\/\",\"name\":\"Seenland 100\",\"description\":\"Sportlich durch das Lausitzer Seenland | Laufen, Walken, Radeln, Skaten, Tretroller, Longboard, Wandern, Run &amp; Bike, Schwimmen, Baden, Wein, Tanzen\",\"potentialAction\":[{\"@type\":\"SearchAction\",\"target\":{\"@type\":\"EntryPoint\",\"urlTemplate\":\"https:\/\/seenland100.de\/?s={search_term_string}\"},\"query-input\":{\"@type\":\"PropertyValueSpecification\",\"valueRequired\":true,\"valueName\":\"search_term_string\"}}],\"inLanguage\":\"de\"}]}<\/script>\n<!-- \/ Yoast SEO plugin. -->","yoast_head_json":{"title":"Fotorechte - Seenland 100","robots":{"index":"index","follow":"follow","max-snippet":"max-snippet:-1","max-image-preview":"max-image-preview:large","max-video-preview":"max-video-preview:-1"},"canonical":"https:\/\/seenland100.de\/index.php\/fotorechte\/","og_locale":"de_DE","og_type":"article","og_title":"Fotorechte - Seenland 100","og_description":"[vc_row][vc_column width=&#8220;1\/1&#8243;][vc_column_text] FOTORECHTE Wichtiger Hinweis zu Foto, Film oder Videoaufnahmen \/ Fotorechten bei Besuch und Teilnahme an unseren Veranstaltungen Die Aufnahmen und \/ oder Weiterleitung mit Foto-, Film oder Videokameras bzw. mit anderen Ger\u00e4ten sind unzul\u00e4ssig, soweit diese \u00fcber den privaten Bereich hinaus an Dritte oder in den Medien oder im Internet ver\u00f6ffentlicht werden. Zul\u00e4ssig ist eine derartige Verbreitung nur, wenn zuvor eine schriftliche Zustimmung des Veranstalters beantragt und bewilligt wurde. Bei Zuwiderhandlungen wird unbeschadet weiterer Anspr\u00fcche eine Vertragsstrafe f\u00e4llig, deren H\u00f6he nach billigem Ermessen vom Veranstalter festzusetzen ist, h\u00f6chstens jedoch je Versto\u00df 3.000,00 EUR. Der Teilnehmer erkl\u00e4rt sich des Weiteren damit einverstanden, dass die im Zusammenhang mit der Veranstaltung gemachten Fotos, Filmaufnahmen, Interviews im Rundfunk, Werbung, Fernsehen, B\u00fcchern, Zeitungen, sonstige Printmedien, oder fotomechanischen Vervielf\u00e4ltigungen, ohne einen Verg\u00fctungsanspruch des Teilnehmers, verbreitet und ver\u00f6ffentlicht werden k\u00f6nnen.[\/vc_column_text][\/vc_column][\/vc_row]","og_url":"https:\/\/seenland100.de\/index.php\/fotorechte\/","og_site_name":"Seenland 100","twitter_card":"summary_large_image","twitter_misc":{"Gesch\u00e4tzte Lesezeit":"1\u00a0Minute"},"schema":{"@context":"https:\/\/schema.org","@graph":[{"@type":"WebPage","@id":"https:\/\/seenland100.de\/index.php\/fotorechte\/","url":"https:\/\/seenland100.de\/index.php\/fotorechte\/","name":"Fotorechte - Seenland 100","isPartOf":{"@id":"https:\/\/seenland100.de\/#website"},"datePublished":"2020-06-10T19:24:02+00:00","dateModified":"2020-06-10T19:24:02+00:00","breadcrumb":{"@id":"https:\/\/seenland100.de\/index.php\/fotorechte\/#breadcrumb"},"inLanguage":"de","potentialAction":[{"@type":"ReadAction","target":["https:\/\/seenland100.de\/index.php\/fotorechte\/"]}]},{"@type":"BreadcrumbList","@id":"https:\/\/seenland100.de\/index.php\/fotorechte\/#breadcrumb","itemListElement":[{"@type":"ListItem","position":1,"name":"Startseite","item":"https:\/\/seenland100.de\/"},{"@type":"ListItem","position":2,"name":"Fotorechte"}]},{"@type":"WebSite","@id":"https:\/\/seenland100.de\/#website","url":"https:\/\/seenland100.de\/","name":"Seenland 100","description":"Sportlich durch das Lausitzer Seenland | Laufen, Walken, Radeln, Skaten, Tretroller, Longboard, Wandern, Run &amp; Bike, Schwimmen, Baden, Wein, Tanzen","potentialAction":[{"@type":"SearchAction","target":{"@type":"EntryPoint","urlTemplate":"https:\/\/seenland100.de\/?s={search_term_string}"},"query-input":{"@type":"PropertyValueSpecification","valueRequired":true,"valueName":"search_term_string"}}],"inLanguage":"de"}]}},"_links":{"self":[{"href":"https:\/\/seenland100.de\/index.php\/wp-json\/wp\/v2\/pages\/19441","targetHints":{"allow":["GET"]}}],"collection":[{"href":"https:\/\/seenland100.de\/index.php\/wp-json\/wp\/v2\/pages"}],"about":[{"href":"https:\/\/seenland100.de\/index.php\/wp-json\/wp\/v2\/types\/page"}],"author":[{"embeddable":true,"href":"https:\/\/seenland100.de\/index.php\/wp-json\/wp\/v2\/users\/1"}],"replies":[{"embeddable":true,"href":"https:\/\/seenland100.de\/index.php\/wp-json\/wp\/v2\/comments?post=19441"}],"version-history":[{"count":0,"href":"https:\/\/seenland100.de\/index.php\/wp-json\/wp\/v2\/pages\/19441\/revisions"}],"wp:attachment":[{"href":"https:\/\/seenland100.de\/index.php\/wp-json\/wp\/v2\/media?parent=19441"}],"curies":[{"name":"wp","href":"https:\/\/api.w.org\/{rel}","templated":true}]}}