{"id":24535,"date":"2022-01-08T20:02:13","date_gmt":"2022-01-08T19:02:13","guid":{"rendered":"https:\/\/spreewaldmarathon.de\/wpswm\/?page_id=24535"},"modified":"2024-12-30T19:49:40","modified_gmt":"2024-12-30T19:49:40","slug":"anreise","status":"publish","type":"page","link":"https:\/\/seenland100.de\/index.php\/anreise\/","title":{"rendered":"Anreise"},"content":{"rendered":"<p>[vc_row][vc_column width=&#8220;1\/1&#8243;][vc_row_inner][vc_column_inner width=&#8220;1\/2&#8243; css=&#8220;.vc_custom_1590692103229{padding: 1px !important;}&#8220;]<div class=\"minti_boxedholder   clearfix\" style=\"padding: 0px 0px 0px 0px; margin: 0px 0px 10px 0px; \">[vc_column_text]<\/p>\n<h1 style=\"text-align: center;\">GRO\u00dfR\u00c4SCHEN<\/h1>\n<p>[\/vc_column_text]<\/div><a href=\"\" target=\"_self\" class=\"button color-3 full \" style=\"border-radius: 0px;\">Anreise mit PKW<\/a><div class=\"spacer\" style=\"height: 10px;\"><\/div>[vc_column_text]<\/p>\n<p style=\"text-align: center;\">Von der Autobahnanschlussstelle Gro\u00dfr\u00e4schen<br \/>\nbis zu den Eventparkpl\u00e4tzen sind es ca. 5,6 km.<\/p>\n<p>[\/vc_column_text]<div class=\"single_image wpb_content_element align-left    \" data-animation=\"none\" data-delay=\"0\"><a href=\"https:\/\/seenland100.de\/wp-content\/uploads\/LSL-Anreise-Grossraeschen.jpg\" target=\"_blank\"><img loading=\"lazy\" decoding=\"async\" width=\"2347\" height=\"1038\" src=\"https:\/\/seenland100.de\/wp-content\/uploads\/LSL-Anreise-Grossraeschen.jpg\" class=\"attachment-full\" alt=\"\" srcset=\"https:\/\/seenland100.de\/wp-content\/uploads\/LSL-Anreise-Grossraeschen.jpg 2347w, https:\/\/seenland100.de\/wp-content\/uploads\/LSL-Anreise-Grossraeschen-300x133.jpg 300w, https:\/\/seenland100.de\/wp-content\/uploads\/LSL-Anreise-Grossraeschen-1024x453.jpg 1024w, https:\/\/seenland100.de\/wp-content\/uploads\/LSL-Anreise-Grossraeschen-768x340.jpg 768w, https:\/\/seenland100.de\/wp-content\/uploads\/LSL-Anreise-Grossraeschen-1536x679.jpg 1536w, https:\/\/seenland100.de\/wp-content\/uploads\/LSL-Anreise-Grossraeschen-2048x906.jpg 2048w\" sizes=\"auto, (max-width: 2347px) 100vw, 2347px\" \/><\/a><\/div><a href=\"\" target=\"_self\" class=\"button color-3 full \" style=\"border-radius: 0px;\">Anreiseadresse f\u00fcr das Navi<\/a><div class=\"spacer\" style=\"height: 10px;\"><\/div>[vc_column_text]<\/p>\n<p style=\"text-align: center;\">Parkplatz am Seekreisel Gro\u00dfr\u00e4schen<br \/>\nSeestr.<br \/>\n01983 Gro\u00dfr\u00e4schen<\/p>\n<h2 class=\"DUwDvf lfPIob\" style=\"text-align: center;\">51\u00b057&#8217;78.21&#8243;N 14\u00b001&#8217;03.11&#8243;E<\/h2>\n<p>[\/vc_column_text]<a href=\"https:\/\/seenland100.de\/wp-content\/uploads\/LSL-Grossraeschen-Lageplan-2025.jpg\" target=\"_blank\" class=\"button color-3 full \" style=\"border-radius: 0px;\">LAGEPLAN Gro\u00dfr\u00e4schen<\/a><div class=\"spacer\" style=\"height: 10px;\"><\/div><a href=\"\" target=\"_self\" class=\"button color-3 full \" style=\"border-radius: 0px;\">Parken | Anmeldung |Zelten | Stellpl\u00e4tze Wohnmobile<\/a><div class=\"spacer\" style=\"height: 10px;\"><\/div>[vc_column_text]<strong>Wo befindet sich was?<\/strong><\/p>\n<p>Wo kann man sein Auto abstellen, wo wird geparkt?<br \/>\nWo ist die Anmeldung, Umkleiden, WC, Gep\u00e4ckablage, Duschen, Massage, Transponderr\u00fcckgabe, Urkundendruck?<br \/>\nWo kann man Zelten?<br \/>\nWo kann man Wohnmobile abstellen?<br \/>\nWo gibt es Speisen und Getr\u00e4nke?<br \/>\nWo finden die Siegerehrungen statt?[\/vc_column_text]<div class=\"spacer\" style=\"height: 10px;\"><\/div><div class=\"single_image wpb_content_element align-left    \" data-animation=\"none\" data-delay=\"0\"><a href=\"https:\/\/seenland100.de\/wp-content\/uploads\/LSL-Grossraeschen-Lageplan-2025.jpg\" target=\"_blank\"><img loading=\"lazy\" decoding=\"async\" width=\"1400\" height=\"990\" src=\"https:\/\/seenland100.de\/wp-content\/uploads\/LSL-Grossraeschen-Lageplan-2025.jpg\" class=\"attachment-full\" alt=\"\" srcset=\"https:\/\/seenland100.de\/wp-content\/uploads\/LSL-Grossraeschen-Lageplan-2025.jpg 1400w, https:\/\/seenland100.de\/wp-content\/uploads\/LSL-Grossraeschen-Lageplan-2025-300x212.jpg 300w, https:\/\/seenland100.de\/wp-content\/uploads\/LSL-Grossraeschen-Lageplan-2025-1024x724.jpg 1024w, https:\/\/seenland100.de\/wp-content\/uploads\/LSL-Grossraeschen-Lageplan-2025-768x543.jpg 768w\" sizes=\"auto, (max-width: 1400px) 100vw, 1400px\" \/><\/a><\/div><a href=\"https:\/\/seenland100.de\/wp-content\/uploads\/LSL-Grossraeschen-Lageplan-2025.jpg\" target=\"_blank\" class=\"button color-3 full \" style=\"border-radius: 0px;\">LAGEPLAN Hafen Gro\u00dfr\u00e4schen<\/a><div class=\"spacer\" style=\"height: 10px;\"><\/div><div class=\"single_image wpb_content_element align-left    \" data-animation=\"none\" data-delay=\"0\"><a href=\"https:\/\/seenland100.de\/wp-content\/uploads\/LSL100-Lageplan_Hafen.jpg\" target=\"_blank\"><img loading=\"lazy\" decoding=\"async\" width=\"1400\" height=\"990\" src=\"https:\/\/seenland100.de\/wp-content\/uploads\/LSL100-Lageplan_Hafen.jpg\" class=\"attachment-full\" alt=\"\" srcset=\"https:\/\/seenland100.de\/wp-content\/uploads\/LSL100-Lageplan_Hafen.jpg 1400w, https:\/\/seenland100.de\/wp-content\/uploads\/LSL100-Lageplan_Hafen-300x212.jpg 300w, https:\/\/seenland100.de\/wp-content\/uploads\/LSL100-Lageplan_Hafen-1024x724.jpg 1024w, https:\/\/seenland100.de\/wp-content\/uploads\/LSL100-Lageplan_Hafen-768x543.jpg 768w\" sizes=\"auto, (max-width: 1400px) 100vw, 1400px\" \/><\/a><\/div>[\/vc_column_inner][vc_column_inner width=&#8220;1\/2&#8243;]<div class=\"spacer\" style=\"height: 50px;\"><\/div><a href=\"\" target=\"_self\" class=\"button color-3 full \" style=\"border-radius: 0px;\">Anreise per Bahn<\/a><div class=\"spacer\" style=\"height: 10px;\"><\/div>[vc_column_text]<\/p>\n<p style=\"text-align: center;\">Vom <strong>Bahnhof Gro\u00dfr\u00e4schen <\/strong>bis zum Hafen, dem Start\/Ziel und der Seesporthalle (Anmeldung und Abholung der Startnummer) sind es 2 km Fu\u00dfweg.<\/p>\n<p>[\/vc_column_text]<div class=\"single_image wpb_content_element align-left    \" data-animation=\"none\" data-delay=\"0\"><a href=\"https:\/\/seenland100.de\/wp-content\/uploads\/Fussweg-Grossraeschen-Bahnhof-zum-Hafen.jpg\" target=\"_self\"><img loading=\"lazy\" decoding=\"async\" width=\"829\" height=\"1000\" src=\"https:\/\/seenland100.de\/wp-content\/uploads\/Fussweg-Grossraeschen-Bahnhof-zum-Hafen.jpg\" class=\"attachment-full\" alt=\"\" srcset=\"https:\/\/seenland100.de\/wp-content\/uploads\/Fussweg-Grossraeschen-Bahnhof-zum-Hafen.jpg 829w, https:\/\/seenland100.de\/wp-content\/uploads\/Fussweg-Grossraeschen-Bahnhof-zum-Hafen-249x300.jpg 249w, https:\/\/seenland100.de\/wp-content\/uploads\/Fussweg-Grossraeschen-Bahnhof-zum-Hafen-768x926.jpg 768w\" sizes=\"auto, (max-width: 829px) 100vw, 829px\" \/><\/a><\/div><a href=\"\" target=\"_self\" class=\"button color-3 full \" style=\"border-radius: 0px;\">Anmeldung | Abholung der Startunterlagen<\/a><div class=\"spacer\" style=\"height: 10px;\"><\/div>[vc_column_text]<\/p>\n<h4><strong><span style=\"color: #ff0000;\">Achtung, direkt an der Seesporthalle kann nicht geparkt werden, <\/span><\/strong><br \/>\n<strong><span style=\"color: #ff0000;\">auch nicht kurzzeitig!<\/span><\/strong><\/h4>\n<p>[\/vc_column_text][vc_column_text]Seesporthalle am Hafen Gro\u00dfr\u00e4schen<br \/>\n51\u00b057&#8217;61.4&#8243;N 14\u00b001&#8217;11.5&#8243;E<br \/>\nSeestr. 89<br \/>\n01983 Gro\u00dfr\u00e4schen[\/vc_column_text][vc_column_text]<strong>Nachmeldung | Abholung der Startnummer | Unterlagen<\/strong><br \/>\nFreitag\u00a0 \u00a0 \u00a0 \u00a015.00 bis 20.00 Uhr<br \/>\nSamstag\u00a0 \u00a0 06.30 bis 19.00 Uhr<br \/>\nSonntag\u00a0 \u00a0 \u00a006.00 bis 10.00 Uhr[\/vc_column_text]<a href=\"\" target=\"_self\" class=\"button color-3 full \" style=\"border-radius: 0px;\">Fr\u00fchst\u00fcck | Breakfast<\/a><div class=\"spacer\" style=\"height: 10px;\"><\/div>[vc_column_text]<strong>Fr\u00fchst\u00fcck | Breakfast<\/strong><br \/>\nSamstag\u00a0 \u00a0 06.00 bis 09.00 Uhr<br \/>\nSonntag\u00a0 \u00a0 \u00a006.00 bis 09.00 Uhr[\/vc_column_text][\/vc_column_inner][\/vc_row_inner][\/vc_column][\/vc_row]<\/p>\n","protected":false},"excerpt":{"rendered":"<p>[vc_row][vc_column width=&#8220;1\/1&#8243;][vc_row_inner][vc_column_inner width=&#8220;1\/2&#8243; css=&#8220;.vc_custom_1590692103229{padding: 1px !important;}&#8220;][vc_column_text] Von der Autobahnanschlussstelle Gro\u00dfr\u00e4schen bis zu den Eventparkpl\u00e4tzen sind es ca. 5,6 km. [\/vc_column_text][vc_column_text] Parkplatz am Seekreisel Gro\u00dfr\u00e4schen Seestr. 01983 Gro\u00dfr\u00e4schen 51\u00b057&#8217;78.21&#8243;N 14\u00b001&#8217;03.11&#8243;E [\/vc_column_text][vc_column_text]Wo befindet sich was? Wo kann man sein Auto abstellen, wo wird geparkt? Wo ist die Anmeldung, Umkleiden, WC, Gep\u00e4ckablage, Duschen, Massage, Transponderr\u00fcckgabe, Urkundendruck? Wo kann man Zelten? Wo kann man Wohnmobile abstellen? Wo gibt es Speisen und Getr\u00e4nke? Wo finden die Siegerehrungen statt?[\/vc_column_text][\/vc_column_inner][vc_column_inner width=&#8220;1\/2&#8243;][vc_column_text] Vom Bahnhof Gro\u00dfr\u00e4schen bis zum Hafen, dem Start\/Ziel und der Seesporthalle (Anmeldung und Abholung der Startnummer) sind es 2 km Fu\u00dfweg. [\/vc_column_text][vc_column_text] Achtung, direkt an der Seesporthalle kann nicht geparkt werden, auch nicht kurzzeitig! [\/vc_column_text][vc_column_text]Seesporthalle am Hafen Gro\u00dfr\u00e4schen 51\u00b057&#8217;61.4&#8243;N 14\u00b001&#8217;11.5&#8243;E Seestr. 89 01983 Gro\u00dfr\u00e4schen[\/vc_column_text][vc_column_text]Nachmeldung | Abholung der Startnummer | Unterlagen Freitag\u00a0 \u00a0 \u00a0 \u00a015.00 bis 20.00 Uhr Samstag\u00a0 \u00a0 06.30 bis 19.00 Uhr Sonntag\u00a0 \u00a0 \u00a006.00 bis 10.00 Uhr[\/vc_column_text][vc_column_text]Fr\u00fchst\u00fcck | Breakfast Samstag\u00a0 \u00a0 06.00 bis 09.00 Uhr Sonntag\u00a0 \u00a0 \u00a006.00 bis 09.00 Uhr[\/vc_column_text][\/vc_column_inner][\/vc_row_inner][\/vc_column][\/vc_row]<\/p>\n","protected":false},"author":1,"featured_media":0,"parent":0,"menu_order":0,"comment_status":"closed","ping_status":"closed","template":"","meta":{"footnotes":""},"class_list":["post-24535","page","type-page","status-publish","hentry"],"yoast_head":"<!-- This site is optimized with the Yoast SEO plugin v23.4 - https:\/\/yoast.com\/wordpress\/plugins\/seo\/ -->\n<title>Anreise - Seenland 100<\/title>\n<meta name=\"robots\" content=\"index, follow, max-snippet:-1, max-image-preview:large, max-video-preview:-1\" \/>\n<link rel=\"canonical\" href=\"https:\/\/seenland100.de\/index.php\/anreise\/\" \/>\n<meta property=\"og:locale\" content=\"de_DE\" \/>\n<meta property=\"og:type\" content=\"article\" \/>\n<meta property=\"og:title\" content=\"Anreise - Seenland 100\" \/>\n<meta property=\"og:description\" content=\"[vc_row][vc_column width=&#8220;1\/1&#8243;][vc_row_inner][vc_column_inner width=&#8220;1\/2&#8243; css=&#8220;.vc_custom_1590692103229{padding: 1px !important;}&#8220;][vc_column_text] Von der Autobahnanschlussstelle Gro\u00dfr\u00e4schen bis zu den Eventparkpl\u00e4tzen sind es ca. 5,6 km. [\/vc_column_text][vc_column_text] Parkplatz am Seekreisel Gro\u00dfr\u00e4schen Seestr. 01983 Gro\u00dfr\u00e4schen 51\u00b057&#8217;78.21&#8243;N 14\u00b001&#8217;03.11&#8243;E [\/vc_column_text][vc_column_text]Wo befindet sich was? Wo kann man sein Auto abstellen, wo wird geparkt? Wo ist die Anmeldung, Umkleiden, WC, Gep\u00e4ckablage, Duschen, Massage, Transponderr\u00fcckgabe, Urkundendruck? Wo kann man Zelten? Wo kann man Wohnmobile abstellen? Wo gibt es Speisen und Getr\u00e4nke? Wo finden die Siegerehrungen statt?[\/vc_column_text][\/vc_column_inner][vc_column_inner width=&#8220;1\/2&#8243;][vc_column_text] Vom Bahnhof Gro\u00dfr\u00e4schen bis zum Hafen, dem Start\/Ziel und der Seesporthalle (Anmeldung und Abholung der Startnummer) sind es 2 km Fu\u00dfweg. [\/vc_column_text][vc_column_text] Achtung, direkt an der Seesporthalle kann nicht geparkt werden, auch nicht kurzzeitig! [\/vc_column_text][vc_column_text]Seesporthalle am Hafen Gro\u00dfr\u00e4schen 51\u00b057&#8217;61.4&#8243;N 14\u00b001&#8217;11.5&#8243;E Seestr. 89 01983 Gro\u00dfr\u00e4schen[\/vc_column_text][vc_column_text]Nachmeldung | Abholung der Startnummer | Unterlagen Freitag\u00a0 \u00a0 \u00a0 \u00a015.00 bis 20.00 Uhr Samstag\u00a0 \u00a0 06.30 bis 19.00 Uhr Sonntag\u00a0 \u00a0 \u00a006.00 bis 10.00 Uhr[\/vc_column_text][vc_column_text]Fr\u00fchst\u00fcck | Breakfast Samstag\u00a0 \u00a0 06.00 bis 09.00 Uhr Sonntag\u00a0 \u00a0 \u00a006.00 bis 09.00 Uhr[\/vc_column_text][\/vc_column_inner][\/vc_row_inner][\/vc_column][\/vc_row]\" \/>\n<meta property=\"og:url\" content=\"https:\/\/seenland100.de\/index.php\/anreise\/\" \/>\n<meta property=\"og:site_name\" content=\"Seenland 100\" \/>\n<meta property=\"article:modified_time\" content=\"2024-12-30T19:49:40+00:00\" \/>\n<meta name=\"twitter:card\" content=\"summary_large_image\" \/>\n<meta name=\"twitter:label1\" content=\"Gesch\u00e4tzte Lesezeit\" \/>\n\t<meta name=\"twitter:data1\" content=\"3\u00a0Minuten\" \/>\n<script type=\"application\/ld+json\" class=\"yoast-schema-graph\">{\"@context\":\"https:\/\/schema.org\",\"@graph\":[{\"@type\":\"WebPage\",\"@id\":\"https:\/\/seenland100.de\/index.php\/anreise\/\",\"url\":\"https:\/\/seenland100.de\/index.php\/anreise\/\",\"name\":\"Anreise - Seenland 100\",\"isPartOf\":{\"@id\":\"https:\/\/seenland100.de\/#website\"},\"datePublished\":\"2022-01-08T19:02:13+00:00\",\"dateModified\":\"2024-12-30T19:49:40+00:00\",\"breadcrumb\":{\"@id\":\"https:\/\/seenland100.de\/index.php\/anreise\/#breadcrumb\"},\"inLanguage\":\"de\",\"potentialAction\":[{\"@type\":\"ReadAction\",\"target\":[\"https:\/\/seenland100.de\/index.php\/anreise\/\"]}]},{\"@type\":\"BreadcrumbList\",\"@id\":\"https:\/\/seenland100.de\/index.php\/anreise\/#breadcrumb\",\"itemListElement\":[{\"@type\":\"ListItem\",\"position\":1,\"name\":\"Startseite\",\"item\":\"https:\/\/seenland100.de\/\"},{\"@type\":\"ListItem\",\"position\":2,\"name\":\"Anreise\"}]},{\"@type\":\"WebSite\",\"@id\":\"https:\/\/seenland100.de\/#website\",\"url\":\"https:\/\/seenland100.de\/\",\"name\":\"Seenland 100\",\"description\":\"Sportlich durch das Lausitzer Seenland | Laufen, Walken, Radeln, Skaten, Tretroller, Longboard, Wandern, Run &amp; Bike, Schwimmen, Baden, Wein, Tanzen\",\"potentialAction\":[{\"@type\":\"SearchAction\",\"target\":{\"@type\":\"EntryPoint\",\"urlTemplate\":\"https:\/\/seenland100.de\/?s={search_term_string}\"},\"query-input\":{\"@type\":\"PropertyValueSpecification\",\"valueRequired\":true,\"valueName\":\"search_term_string\"}}],\"inLanguage\":\"de\"}]}<\/script>\n<!-- \/ Yoast SEO plugin. -->","yoast_head_json":{"title":"Anreise - Seenland 100","robots":{"index":"index","follow":"follow","max-snippet":"max-snippet:-1","max-image-preview":"max-image-preview:large","max-video-preview":"max-video-preview:-1"},"canonical":"https:\/\/seenland100.de\/index.php\/anreise\/","og_locale":"de_DE","og_type":"article","og_title":"Anreise - Seenland 100","og_description":"[vc_row][vc_column width=&#8220;1\/1&#8243;][vc_row_inner][vc_column_inner width=&#8220;1\/2&#8243; css=&#8220;.vc_custom_1590692103229{padding: 1px !important;}&#8220;][vc_column_text] Von der Autobahnanschlussstelle Gro\u00dfr\u00e4schen bis zu den Eventparkpl\u00e4tzen sind es ca. 5,6 km. [\/vc_column_text][vc_column_text] Parkplatz am Seekreisel Gro\u00dfr\u00e4schen Seestr. 01983 Gro\u00dfr\u00e4schen 51\u00b057&#8217;78.21&#8243;N 14\u00b001&#8217;03.11&#8243;E [\/vc_column_text][vc_column_text]Wo befindet sich was? Wo kann man sein Auto abstellen, wo wird geparkt? Wo ist die Anmeldung, Umkleiden, WC, Gep\u00e4ckablage, Duschen, Massage, Transponderr\u00fcckgabe, Urkundendruck? Wo kann man Zelten? Wo kann man Wohnmobile abstellen? Wo gibt es Speisen und Getr\u00e4nke? Wo finden die Siegerehrungen statt?[\/vc_column_text][\/vc_column_inner][vc_column_inner width=&#8220;1\/2&#8243;][vc_column_text] Vom Bahnhof Gro\u00dfr\u00e4schen bis zum Hafen, dem Start\/Ziel und der Seesporthalle (Anmeldung und Abholung der Startnummer) sind es 2 km Fu\u00dfweg. [\/vc_column_text][vc_column_text] Achtung, direkt an der Seesporthalle kann nicht geparkt werden, auch nicht kurzzeitig! [\/vc_column_text][vc_column_text]Seesporthalle am Hafen Gro\u00dfr\u00e4schen 51\u00b057&#8217;61.4&#8243;N 14\u00b001&#8217;11.5&#8243;E Seestr. 89 01983 Gro\u00dfr\u00e4schen[\/vc_column_text][vc_column_text]Nachmeldung | Abholung der Startnummer | Unterlagen Freitag\u00a0 \u00a0 \u00a0 \u00a015.00 bis 20.00 Uhr Samstag\u00a0 \u00a0 06.30 bis 19.00 Uhr Sonntag\u00a0 \u00a0 \u00a006.00 bis 10.00 Uhr[\/vc_column_text][vc_column_text]Fr\u00fchst\u00fcck | Breakfast Samstag\u00a0 \u00a0 06.00 bis 09.00 Uhr Sonntag\u00a0 \u00a0 \u00a006.00 bis 09.00 Uhr[\/vc_column_text][\/vc_column_inner][\/vc_row_inner][\/vc_column][\/vc_row]","og_url":"https:\/\/seenland100.de\/index.php\/anreise\/","og_site_name":"Seenland 100","article_modified_time":"2024-12-30T19:49:40+00:00","twitter_card":"summary_large_image","twitter_misc":{"Gesch\u00e4tzte Lesezeit":"3\u00a0Minuten"},"schema":{"@context":"https:\/\/schema.org","@graph":[{"@type":"WebPage","@id":"https:\/\/seenland100.de\/index.php\/anreise\/","url":"https:\/\/seenland100.de\/index.php\/anreise\/","name":"Anreise - Seenland 100","isPartOf":{"@id":"https:\/\/seenland100.de\/#website"},"datePublished":"2022-01-08T19:02:13+00:00","dateModified":"2024-12-30T19:49:40+00:00","breadcrumb":{"@id":"https:\/\/seenland100.de\/index.php\/anreise\/#breadcrumb"},"inLanguage":"de","potentialAction":[{"@type":"ReadAction","target":["https:\/\/seenland100.de\/index.php\/anreise\/"]}]},{"@type":"BreadcrumbList","@id":"https:\/\/seenland100.de\/index.php\/anreise\/#breadcrumb","itemListElement":[{"@type":"ListItem","position":1,"name":"Startseite","item":"https:\/\/seenland100.de\/"},{"@type":"ListItem","position":2,"name":"Anreise"}]},{"@type":"WebSite","@id":"https:\/\/seenland100.de\/#website","url":"https:\/\/seenland100.de\/","name":"Seenland 100","description":"Sportlich durch das Lausitzer Seenland | Laufen, Walken, Radeln, Skaten, Tretroller, Longboard, Wandern, Run &amp; Bike, Schwimmen, Baden, Wein, Tanzen","potentialAction":[{"@type":"SearchAction","target":{"@type":"EntryPoint","urlTemplate":"https:\/\/seenland100.de\/?s={search_term_string}"},"query-input":{"@type":"PropertyValueSpecification","valueRequired":true,"valueName":"search_term_string"}}],"inLanguage":"de"}]}},"_links":{"self":[{"href":"https:\/\/seenland100.de\/index.php\/wp-json\/wp\/v2\/pages\/24535","targetHints":{"allow":["GET"]}}],"collection":[{"href":"https:\/\/seenland100.de\/index.php\/wp-json\/wp\/v2\/pages"}],"about":[{"href":"https:\/\/seenland100.de\/index.php\/wp-json\/wp\/v2\/types\/page"}],"author":[{"embeddable":true,"href":"https:\/\/seenland100.de\/index.php\/wp-json\/wp\/v2\/users\/1"}],"replies":[{"embeddable":true,"href":"https:\/\/seenland100.de\/index.php\/wp-json\/wp\/v2\/comments?post=24535"}],"version-history":[{"count":82,"href":"https:\/\/seenland100.de\/index.php\/wp-json\/wp\/v2\/pages\/24535\/revisions"}],"predecessor-version":[{"id":26269,"href":"https:\/\/seenland100.de\/index.php\/wp-json\/wp\/v2\/pages\/24535\/revisions\/26269"}],"wp:attachment":[{"href":"https:\/\/seenland100.de\/index.php\/wp-json\/wp\/v2\/media?parent=24535"}],"curies":[{"name":"wp","href":"https:\/\/api.w.org\/{rel}","templated":true}]}}